{"id":248,"date":"2022-01-31T10:20:29","date_gmt":"2022-01-31T09:20:29","guid":{"rendered":"https:\/\/yonathan-darmon.students-laplateforme.io\/product\/hoodie-with-logo\/"},"modified":"2022-01-31T10:24:30","modified_gmt":"2022-01-31T09:24:30","slug":"hoodie-with-logo","status":"publish","type":"product","link":"https:\/\/yonathan-darmon.students-laplateforme.io\/mesprojets\/moncms\/product\/hoodie-with-logo\/","title":{"rendered":"Warhammer 40,000 Kill Team: Killzone Octarius"},"content":{"rendered":"<p>Dans les Killzones d&rsquo;Octarius, les \u00e9quipes de soldats sp\u00e9cialistes disputent des escarmouches dans les structures de r\u00e9cup&rsquo; des Orks. Ces tas m\u00e9talliques sont fr\u00e9n\u00e9tiquement rivet\u00e9s ensemble par des hordes d&rsquo;Orks grouillantes. Des fortifications et avant-postes rudimentaires sont \u00e9rig\u00e9s dans des lieux d&rsquo;importance strat\u00e9gique, et cr\u00e9ent un d\u00e9dale de couverts et de plateformes o\u00f9 la mort peut frapper d&rsquo;un angle inattendu.<\/p>\n<p>Killzone Octarius est un set d&rsquo;extension de d\u00e9cors pour Warhammer 40,000 Kill Team, constitu\u00e9 d&rsquo;\u00e9l\u00e9ments de terrains orks pour peupler les Killzones. En plus d&rsquo;\u00eatre un excellent set de terrains modulaires, cette bo\u00eete vous permet de recr\u00e9er les d\u00e9cors des missions du livre Kill Team: Octarius. C&rsquo;est le compl\u00e9ment parfait pour vos parties de Kill Team, et le moyen id\u00e9al de commencer ou d&rsquo;agrandir votre collection de terrains.<\/p>\n<p><strong>Ce kit se compose de 55 pi\u00e8ces plastique avec lesquelles vous pouvez assembler:<\/strong><\/p>\n<p>4x Murs Branlants<br \/>\n3x Barricades Branlantes<br \/>\n3x Tas de Ferraille<br \/>\n1x Pompe \u00e0 Hydrocarbure<\/p>\n<p>Le set inclut un plateau de jeu pliant double face mesurant 30&Prime; x 22.4&Prime;, vous permettant de construire un champ de bataille adapt\u00e9 aux parties de Warhammer 40,000 Kill Team. Les c\u00f4t\u00e9s de ces plateaux solides pr\u00e9sentent des illustrations diff\u00e9rentes et peuvent \u00eatre combin\u00e9s avec d&rsquo;autres plateaux de jeu pour cr\u00e9er des champs de bataille de n&rsquo;importe quelle taille.<\/p>\n<p>Ces figurines sont fournies non peintes et n\u00e9cessitent assemblage \u2013 nous recommandons d&#8217;employer la Colle Plastique Citadel et la peinture Citadel.<\/p>\n","protected":false},"excerpt":{"rendered":"<ul>\n<li>11 \u00e9l\u00e9ments de terrain et un plateau de jeu double face pour b\u00e2tir un champ de bataille de Warhammer 40,000 Kill Team<\/li>\n<li>Des d\u00e9cors orks de bric et de broc, pleins de caract\u00e8re pour livrer bataille<\/li>\n<li>Le moyen id\u00e9al de commencer ou d&rsquo;agrandir votre collection de d\u00e9cors Kill Team<\/li>\n<\/ul>\n","protected":false},"featured_media":249,"comment_status":"open","ping_status":"closed","template":"","meta":[],"product_cat":[22],"product_tag":[30,31],"class_list":{"0":"post-248","1":"product","2":"type-product","3":"status-publish","4":"has-post-thumbnail","5":"hentry","6":"product_cat-warhammer","7":"product_tag-figurine","8":"product_tag-warhammer","10":"entry","11":"has-media","12":"owp-thumbs-layout-horizontal","13":"owp-btn-normal","14":"owp-tabs-layout-horizontal","15":"has-no-thumbnails","16":"has-product-nav"},"_links":{"self":[{"href":"https:\/\/yonathan-darmon.students-laplateforme.io\/mesprojets\/moncms\/wp-json\/wp\/v2\/product\/248","targetHints":{"allow":["GET"]}}],"collection":[{"href":"https:\/\/yonathan-darmon.students-laplateforme.io\/mesprojets\/moncms\/wp-json\/wp\/v2\/product"}],"about":[{"href":"https:\/\/yonathan-darmon.students-laplateforme.io\/mesprojets\/moncms\/wp-json\/wp\/v2\/types\/product"}],"replies":[{"embeddable":true,"href":"https:\/\/yonathan-darmon.students-laplateforme.io\/mesprojets\/moncms\/wp-json\/wp\/v2\/comments?post=248"}],"wp:featuredmedia":[{"embeddable":true,"href":"https:\/\/yonathan-darmon.students-laplateforme.io\/mesprojets\/moncms\/wp-json\/wp\/v2\/media\/249"}],"wp:attachment":[{"href":"https:\/\/yonathan-darmon.students-laplateforme.io\/mesprojets\/moncms\/wp-json\/wp\/v2\/media?parent=248"}],"wp:term":[{"taxonomy":"product_cat","embeddable":true,"href":"https:\/\/yonathan-darmon.students-laplateforme.io\/mesprojets\/moncms\/wp-json\/wp\/v2\/product_cat?post=248"},{"taxonomy":"product_tag","embeddable":true,"href":"https:\/\/yonathan-darmon.students-laplateforme.io\/mesprojets\/moncms\/wp-json\/wp\/v2\/product_tag?post=248"}],"curies":[{"name":"wp","href":"https:\/\/api.w.org\/{rel}","templated":true}]}}