{"id":253,"date":"2022-01-31T10:36:59","date_gmt":"2022-01-31T09:36:59","guid":{"rendered":"https:\/\/yonathan-darmon.students-laplateforme.io\/?post_type=product&#038;p=253"},"modified":"2022-03-01T06:07:12","modified_gmt":"2022-03-01T05:07:12","slug":"valise-a-figurines-citadel-crusade","status":"publish","type":"product","link":"https:\/\/yonathan-darmon.students-laplateforme.io\/mesprojets\/moncms\/product\/valise-a-figurines-citadel-crusade\/","title":{"rendered":"Valise \u00e0 figurines Citadel Crusade"},"content":{"rendered":"<p>Les mallettes \u00e0 figurines Citadel sont le meilleur moyen de transporter et de prot\u00e9ger vos figurines Citadel. Dot\u00e9e de notre mousse \u00e9vid\u00e9e r\u00e9volutionnaire, la Valise \u00e0 figurines Citadel: Crusade a \u00e9t\u00e9 sp\u00e9cialement con\u00e7ue pour accueillir nos figurines de pratiquement n&rsquo;importe quel mod\u00e8le, taille ou forme, vite et facilement, sans qu&rsquo;il faille l&rsquo;adapter en d\u00e9coupant la mousse laborieusement.<\/p>\n<p>Rien de plus facile et rapide que de vider ou remplir la valise; n&rsquo;importe quelle figurine, m\u00eame tr\u00e8s pointue, plac\u00e9e n&rsquo;importe o\u00f9 dans les logements sera prot\u00e9g\u00e9e aussi efficacement que si vous aviez pass\u00e9 des heures \u00e0 d\u00e9couper des emplacements personnalis\u00e9s. C&rsquo;est autant de temps gagn\u00e9 pour jouer, peindre ou simplement exhiber votre collection de figurines. La mousse utilise l&rsquo;espace avec une efficacit\u00e9 optimale, pour vous permettre de ranger davantage de figurines, avec une plus grande s\u00e9curit\u00e9 qu&rsquo;avec toute autre valise. Regardez les images ou la vid\u00e9o sur l&rsquo;onglet \u00e0 droite pour vous faire une id\u00e9e du changement positif que ces mallettes vous offrent &#8211; vous ne saurez plus comment vous avez pu vivre sans. Tout va bien, cette \u00e8re de t\u00e9n\u00e8bres est r\u00e9volue.<\/p>\n<p>Nous savons que vous voulez prot\u00e9ger vos figurines du mieux possible &#8211; la mousse contenue dans la mallette est l\u00e9g\u00e8rement plus volumineuse que cette derni\u00e8re, et elle se comprime autour des figurines quand on ferme la valise, immobilisant au maximum n&rsquo;importe quel type de figurine. Il y a aussi des fermoirs en nylon \u00e0 l&rsquo;\u00e9preuve des chutes. Pour garantir la solidit\u00e9 des parties les plus sollicit\u00e9es, le dos est renforc\u00e9 par un gond m\u00e9tallique au poids rassurant.<\/p>\n<p>Nous avons consacr\u00e9 de longues recherches \u00e0 la mise au point d&rsquo;une valise aussi confortable \u00e0 transporter que possible, avec des poign\u00e9es ergonomiques pour une prise maximale &#8211; et le couvercle se verrouille en position ouverte, pour \u00e9viter les terribles accidents qui \u00e9craseraient vos figurines bien-aim\u00e9es sur une table de jeu. La Valise \u00e0 figurines Citadel: Crusade comporte \u00e9galement une sangle rembourr\u00e9e, afin de la porter facilement sur l&rsquo;\u00e9paule.<\/p>\n","protected":false},"excerpt":{"rendered":"<p>Les mallettes \u00e0 figurines Citadel sont le meilleur moyen de transporter et de prot\u00e9ger vos figurines Citadel. Dot\u00e9e de notre mousse \u00e9vid\u00e9e r\u00e9volutionnaire, la Valise \u00e0 figurines Citadel: Crusade a \u00e9t\u00e9 sp\u00e9cialement con\u00e7ue pour accueillir nos figurines de pratiquement n&rsquo;importe quel mod\u00e8le, taille ou forme, vite et facilement, sans qu&rsquo;il faille l&rsquo;adapter en d\u00e9coupant la [&hellip;]<\/p>\n","protected":false},"featured_media":254,"comment_status":"open","ping_status":"closed","template":"","meta":[],"product_cat":[24,26],"product_tag":[],"class_list":{"0":"post-253","1":"product","2":"type-product","3":"status-publish","4":"has-post-thumbnail","5":"hentry","6":"product_cat-materiel","7":"product_cat-outils","9":"entry","10":"has-media","11":"owp-thumbs-layout-horizontal","12":"owp-btn-normal","13":"owp-tabs-layout-horizontal","14":"has-no-thumbnails","15":"has-product-nav"},"_links":{"self":[{"href":"https:\/\/yonathan-darmon.students-laplateforme.io\/mesprojets\/moncms\/wp-json\/wp\/v2\/product\/253","targetHints":{"allow":["GET"]}}],"collection":[{"href":"https:\/\/yonathan-darmon.students-laplateforme.io\/mesprojets\/moncms\/wp-json\/wp\/v2\/product"}],"about":[{"href":"https:\/\/yonathan-darmon.students-laplateforme.io\/mesprojets\/moncms\/wp-json\/wp\/v2\/types\/product"}],"replies":[{"embeddable":true,"href":"https:\/\/yonathan-darmon.students-laplateforme.io\/mesprojets\/moncms\/wp-json\/wp\/v2\/comments?post=253"}],"wp:featuredmedia":[{"embeddable":true,"href":"https:\/\/yonathan-darmon.students-laplateforme.io\/mesprojets\/moncms\/wp-json\/wp\/v2\/media\/254"}],"wp:attachment":[{"href":"https:\/\/yonathan-darmon.students-laplateforme.io\/mesprojets\/moncms\/wp-json\/wp\/v2\/media?parent=253"}],"wp:term":[{"taxonomy":"product_cat","embeddable":true,"href":"https:\/\/yonathan-darmon.students-laplateforme.io\/mesprojets\/moncms\/wp-json\/wp\/v2\/product_cat?post=253"},{"taxonomy":"product_tag","embeddable":true,"href":"https:\/\/yonathan-darmon.students-laplateforme.io\/mesprojets\/moncms\/wp-json\/wp\/v2\/product_tag?post=253"}],"curies":[{"name":"wp","href":"https:\/\/api.w.org\/{rel}","templated":true}]}}