{"id":278,"date":"2022-01-31T11:30:03","date_gmt":"2022-01-31T10:30:03","guid":{"rendered":"https:\/\/yonathan-darmon.students-laplateforme.io\/?post_type=product&#038;p=278"},"modified":"2024-01-05T08:03:15","modified_gmt":"2024-01-05T07:03:15","slug":"figure-rise-standard-amplified-batman","status":"publish","type":"product","link":"https:\/\/yonathan-darmon.students-laplateforme.io\/mesprojets\/moncms\/product\/figure-rise-standard-amplified-batman\/","title":{"rendered":"FIGURE-RISE STANDARD AMPLIFIED BATMAN"},"content":{"rendered":"","protected":false},"excerpt":{"rendered":"<p>Figurine articul\u00e9e \u00e0 assembler, taille env. 15 cm avec accessoires. Ne n\u00e9cessite pas de peinture mais peut \u00eatre customis\u00e9 \u00e0 volont\u00e9!<\/p>\n","protected":false},"featured_media":279,"comment_status":"open","ping_status":"closed","template":"","meta":[],"product_cat":[21,33],"product_tag":[],"class_list":{"0":"post-278","1":"product","2":"type-product","3":"status-publish","4":"has-post-thumbnail","5":"hentry","6":"product_cat-figurine","7":"product_cat-scifi","9":"entry","10":"has-media","11":"owp-thumbs-layout-horizontal","12":"owp-btn-normal","13":"owp-tabs-layout-horizontal","14":"has-no-thumbnails","15":"has-product-nav"},"_links":{"self":[{"href":"https:\/\/yonathan-darmon.students-laplateforme.io\/mesprojets\/moncms\/wp-json\/wp\/v2\/product\/278","targetHints":{"allow":["GET"]}}],"collection":[{"href":"https:\/\/yonathan-darmon.students-laplateforme.io\/mesprojets\/moncms\/wp-json\/wp\/v2\/product"}],"about":[{"href":"https:\/\/yonathan-darmon.students-laplateforme.io\/mesprojets\/moncms\/wp-json\/wp\/v2\/types\/product"}],"replies":[{"embeddable":true,"href":"https:\/\/yonathan-darmon.students-laplateforme.io\/mesprojets\/moncms\/wp-json\/wp\/v2\/comments?post=278"}],"wp:featuredmedia":[{"embeddable":true,"href":"https:\/\/yonathan-darmon.students-laplateforme.io\/mesprojets\/moncms\/wp-json\/wp\/v2\/media\/279"}],"wp:attachment":[{"href":"https:\/\/yonathan-darmon.students-laplateforme.io\/mesprojets\/moncms\/wp-json\/wp\/v2\/media?parent=278"}],"wp:term":[{"taxonomy":"product_cat","embeddable":true,"href":"https:\/\/yonathan-darmon.students-laplateforme.io\/mesprojets\/moncms\/wp-json\/wp\/v2\/product_cat?post=278"},{"taxonomy":"product_tag","embeddable":true,"href":"https:\/\/yonathan-darmon.students-laplateforme.io\/mesprojets\/moncms\/wp-json\/wp\/v2\/product_tag?post=278"}],"curies":[{"name":"wp","href":"https:\/\/api.w.org\/{rel}","templated":true}]}}