{"id":280,"date":"2022-01-31T11:32:12","date_gmt":"2022-01-31T10:32:12","guid":{"rendered":"https:\/\/yonathan-darmon.students-laplateforme.io\/?post_type=product&#038;p=280"},"modified":"2022-01-31T12:50:17","modified_gmt":"2022-01-31T11:50:17","slug":"eastern-model-1-9-iron-spider-man","status":"publish","type":"product","link":"https:\/\/yonathan-darmon.students-laplateforme.io\/mesprojets\/moncms\/product\/eastern-model-1-9-iron-spider-man\/","title":{"rendered":"EASTERN MODEL : 1\/9 IRON SPIDER-MAN"},"content":{"rendered":"<p>Le c\u00e9l\u00e8bre homme araign\u00e9e de l\u2019univers Marvel est enfin l\u00e0 !<br \/>\nRetrouvez d\u00e8s maintenant le Iron Spider-Man du film Avengers Infinity War !<br \/>\nLa finition m\u00e9tallis\u00e9e pr\u00e9peinte est accompagn\u00e9e d\u2019un composant interne en metal qui permet de prendre la pose facilement ! Le kit poss\u00e8de aussi plusieurs syst\u00e8me de Led !<br \/>\nLes pi\u00e8ces \u00e0 effet toile d\u2019araign\u00e9e fournies avec l\u2019accessoire ainsi qu\u2019une base afin de faire des poses dynamiques !<br \/>\nHauteur : \u00e9chelle 1\/9, environ 20cm de haut<\/p>\n","protected":false},"excerpt":{"rendered":"<table class=\"woocommerce-product-attributes shop_attributes\">\n<tbody>\n<tr class=\"woocommerce-product-attributes-item woocommerce-product-attributes-item--weight\">\n<th class=\"woocommerce-product-attributes-item__label\">Poids<\/th>\n<td class=\"woocommerce-product-attributes-item__value\">2 kg<\/td>\n<\/tr>\n<\/tbody>\n<\/table>\n","protected":false},"featured_media":281,"comment_status":"open","ping_status":"closed","template":"","meta":[],"product_cat":[21,33],"product_tag":[],"class_list":{"0":"post-280","1":"product","2":"type-product","3":"status-publish","4":"has-post-thumbnail","5":"hentry","6":"product_cat-figurine","7":"product_cat-scifi","9":"entry","10":"has-media","11":"owp-thumbs-layout-horizontal","12":"owp-btn-normal","13":"owp-tabs-layout-horizontal","14":"has-no-thumbnails","15":"has-product-nav"},"_links":{"self":[{"href":"https:\/\/yonathan-darmon.students-laplateforme.io\/mesprojets\/moncms\/wp-json\/wp\/v2\/product\/280","targetHints":{"allow":["GET"]}}],"collection":[{"href":"https:\/\/yonathan-darmon.students-laplateforme.io\/mesprojets\/moncms\/wp-json\/wp\/v2\/product"}],"about":[{"href":"https:\/\/yonathan-darmon.students-laplateforme.io\/mesprojets\/moncms\/wp-json\/wp\/v2\/types\/product"}],"replies":[{"embeddable":true,"href":"https:\/\/yonathan-darmon.students-laplateforme.io\/mesprojets\/moncms\/wp-json\/wp\/v2\/comments?post=280"}],"wp:featuredmedia":[{"embeddable":true,"href":"https:\/\/yonathan-darmon.students-laplateforme.io\/mesprojets\/moncms\/wp-json\/wp\/v2\/media\/281"}],"wp:attachment":[{"href":"https:\/\/yonathan-darmon.students-laplateforme.io\/mesprojets\/moncms\/wp-json\/wp\/v2\/media?parent=280"}],"wp:term":[{"taxonomy":"product_cat","embeddable":true,"href":"https:\/\/yonathan-darmon.students-laplateforme.io\/mesprojets\/moncms\/wp-json\/wp\/v2\/product_cat?post=280"},{"taxonomy":"product_tag","embeddable":true,"href":"https:\/\/yonathan-darmon.students-laplateforme.io\/mesprojets\/moncms\/wp-json\/wp\/v2\/product_tag?post=280"}],"curies":[{"name":"wp","href":"https:\/\/api.w.org\/{rel}","templated":true}]}}