{"id":286,"date":"2022-01-31T11:40:07","date_gmt":"2022-01-31T10:40:07","guid":{"rendered":"https:\/\/yonathan-darmon.students-laplateforme.io\/?post_type=product&#038;p=286"},"modified":"2022-01-31T11:40:22","modified_gmt":"2022-01-31T10:40:22","slug":"commissar-yarrick-20-e","status":"publish","type":"product","link":"https:\/\/yonathan-darmon.students-laplateforme.io\/mesprojets\/moncms\/product\/commissar-yarrick-20-e\/","title":{"rendered":"Commissar Yarrick"},"content":{"rendered":"<p>Le Commissaire Yarrick est un des plus grand h\u00e9ros de l&rsquo;Imperium. Sur Armageddon, l&rsquo;obstination du Commissaire inspira ses hommes et les poussa \u00e0 des actes de courage et \u00e0 des sacrifices insens\u00e9s. Ils \u00e9taient si galvanis\u00e9s par sa pr\u00e9sence que pas un seul d&rsquo;entre eux ne fut ex\u00e9cut\u00e9 pour l\u00e2chet\u00e9, m\u00eame face \u00e0 un ennemi largement sup\u00e9rieur en nombre. C&rsquo;est lors de la d\u00e9fense d&rsquo;Hades que le Commissaire Yarrick v\u00e9cu sa bataille la plus difficile, et perdu son bras droit sous les coups de la pince \u00e9nerg\u00e9tique d&rsquo;un Big Boss Ork. Yarrick surmontant la douleur, d\u00e9capita le Big Boss et lui arracha sa pince, un symbole de son d\u00e9fi contre les Orks.<\/p>\n<p>Ce pack contient Commissaire Yarrick en trois \u00e9l\u00e9ments, et un socle rond de 25mm. Cette figurine en r\u00e9sine finement d\u00e9taill\u00e9e n\u00e9cessite assemblage et peinture. Nous recommandons pour cela l&rsquo;utilisation de la super-glue et des peintures Citadel.<\/p>\n","protected":false},"excerpt":{"rendered":"<p>Le Commissaire Yarrick est un des plus grand h\u00e9ros de l&rsquo;Imperium. Sur Armageddon, l&rsquo;obstination du Commissaire inspira ses hommes et les poussa \u00e0 des actes de courage et \u00e0 des sacrifices insens\u00e9s. Ils \u00e9taient si galvanis\u00e9s par sa pr\u00e9sence que pas un seul d&rsquo;entre eux ne fut ex\u00e9cut\u00e9 pour l\u00e2chet\u00e9, m\u00eame face \u00e0 un ennemi [&hellip;]<\/p>\n","protected":false},"featured_media":287,"comment_status":"open","ping_status":"closed","template":"","meta":[],"product_cat":[21,22],"product_tag":[],"class_list":{"0":"post-286","1":"product","2":"type-product","3":"status-publish","4":"has-post-thumbnail","5":"hentry","6":"product_cat-figurine","7":"product_cat-warhammer","9":"entry","10":"has-media","11":"owp-thumbs-layout-horizontal","12":"owp-btn-normal","13":"owp-tabs-layout-horizontal","14":"has-no-thumbnails","15":"has-product-nav"},"_links":{"self":[{"href":"https:\/\/yonathan-darmon.students-laplateforme.io\/mesprojets\/moncms\/wp-json\/wp\/v2\/product\/286","targetHints":{"allow":["GET"]}}],"collection":[{"href":"https:\/\/yonathan-darmon.students-laplateforme.io\/mesprojets\/moncms\/wp-json\/wp\/v2\/product"}],"about":[{"href":"https:\/\/yonathan-darmon.students-laplateforme.io\/mesprojets\/moncms\/wp-json\/wp\/v2\/types\/product"}],"replies":[{"embeddable":true,"href":"https:\/\/yonathan-darmon.students-laplateforme.io\/mesprojets\/moncms\/wp-json\/wp\/v2\/comments?post=286"}],"wp:featuredmedia":[{"embeddable":true,"href":"https:\/\/yonathan-darmon.students-laplateforme.io\/mesprojets\/moncms\/wp-json\/wp\/v2\/media\/287"}],"wp:attachment":[{"href":"https:\/\/yonathan-darmon.students-laplateforme.io\/mesprojets\/moncms\/wp-json\/wp\/v2\/media?parent=286"}],"wp:term":[{"taxonomy":"product_cat","embeddable":true,"href":"https:\/\/yonathan-darmon.students-laplateforme.io\/mesprojets\/moncms\/wp-json\/wp\/v2\/product_cat?post=286"},{"taxonomy":"product_tag","embeddable":true,"href":"https:\/\/yonathan-darmon.students-laplateforme.io\/mesprojets\/moncms\/wp-json\/wp\/v2\/product_tag?post=286"}],"curies":[{"name":"wp","href":"https:\/\/api.w.org\/{rel}","templated":true}]}}