{"id":288,"date":"2022-01-31T11:41:58","date_gmt":"2022-01-31T10:41:58","guid":{"rendered":"https:\/\/yonathan-darmon.students-laplateforme.io\/?post_type=product&#038;p=288"},"modified":"2022-01-31T11:41:58","modified_gmt":"2022-01-31T10:41:58","slug":"boyz-dironskull-ironjawz","status":"publish","type":"product","link":"https:\/\/yonathan-darmon.students-laplateforme.io\/mesprojets\/moncms\/product\/boyz-dironskull-ironjawz\/","title":{"rendered":"Boyz d&rsquo;Ironskull Ironjawz"},"content":{"rendered":"<p>Colosses brutaux, bien plus grands et larges d&rsquo;\u00e9paules que des hommes, les Ironjawz sillonnent les Royaumes Mortels en qu\u00eate de bagarre. Rien ne les ravit davantage que le fracas de la bataille \u2013 les lames contre le m\u00e9tal, les cris des mourants, la clameur et le vacarme de la violence absolue, ce n&rsquo;est que musique \u00e0 leurs oreilles. Belliqueux m\u00eame pour des orruks, les Ironjawz s\u00e8ment l&rsquo;effroi \u00e0 travers les Royaumes, \u00e0 juste titre car leur Waaagh! cro\u00eet de m\u00eame que leur nombre.<\/p>\n<p>Con\u00e7u pour \u00eatre le plus facile possible \u00e0 assembler pour les nouveaux hobbyistes tout en \u00e9tant suffisamment d\u00e9taill\u00e9 pour plaire aux v\u00e9t\u00e9rans les plus exigeants, voici un set de 4 figurines d&rsquo;Ironjawz Faciles \u00e0 Monter. \u00c0 embo\u00eeter, sans collage n\u00e9cessaire, il est d&rsquo;une simplicit\u00e9 de montage d\u00e9sarmante.<\/p>\n<p>Vous trouverez dans ce kit 4 Ironjawz dirig\u00e9s par Gurzag Ironskull:<br \/>\n&#8211; Gurzag Ironskull est arm\u00e9 de kikoups et de krazeurs de facture orruk;<br \/>\n&#8211; Bonekutta (un Ardboy) est arm\u00e9 d&rsquo;un gros kikoup de facture orruk;<br \/>\n&#8211; Basha et Hakka, 2 autres Ardboys, sont arm\u00e9s de kikoups et de krazeurs de facture orruk.<\/p>\n<p>Le kit est fourni en 19 composants \u00e0 embo\u00eeter, plus 4 socles ronds de 32mm sculpt\u00e9s. Le tout comprend un warscroll contenant les r\u00e8gles pour jouer ces figurines en tant qu&rsquo;unit\u00e9 dans les parties de Warhammer Age of Sigmar.<\/p>\n","protected":false},"excerpt":{"rendered":"<p>Colosses brutaux, bien plus grands et larges d&rsquo;\u00e9paules que des hommes, les Ironjawz sillonnent les Royaumes Mortels en qu\u00eate de bagarre. Rien ne les ravit davantage que le fracas de la bataille \u2013 les lames contre le m\u00e9tal, les cris des mourants, la clameur et le vacarme de la violence absolue, ce n&rsquo;est que musique [&hellip;]<\/p>\n","protected":false},"featured_media":289,"comment_status":"open","ping_status":"closed","template":"","meta":[],"product_cat":[21,22],"product_tag":[],"class_list":{"0":"post-288","1":"product","2":"type-product","3":"status-publish","4":"has-post-thumbnail","5":"hentry","6":"product_cat-figurine","7":"product_cat-warhammer","9":"entry","10":"has-media","11":"owp-thumbs-layout-horizontal","12":"owp-btn-normal","13":"owp-tabs-layout-horizontal","14":"has-no-thumbnails","15":"has-product-nav"},"_links":{"self":[{"href":"https:\/\/yonathan-darmon.students-laplateforme.io\/mesprojets\/moncms\/wp-json\/wp\/v2\/product\/288","targetHints":{"allow":["GET"]}}],"collection":[{"href":"https:\/\/yonathan-darmon.students-laplateforme.io\/mesprojets\/moncms\/wp-json\/wp\/v2\/product"}],"about":[{"href":"https:\/\/yonathan-darmon.students-laplateforme.io\/mesprojets\/moncms\/wp-json\/wp\/v2\/types\/product"}],"replies":[{"embeddable":true,"href":"https:\/\/yonathan-darmon.students-laplateforme.io\/mesprojets\/moncms\/wp-json\/wp\/v2\/comments?post=288"}],"wp:featuredmedia":[{"embeddable":true,"href":"https:\/\/yonathan-darmon.students-laplateforme.io\/mesprojets\/moncms\/wp-json\/wp\/v2\/media\/289"}],"wp:attachment":[{"href":"https:\/\/yonathan-darmon.students-laplateforme.io\/mesprojets\/moncms\/wp-json\/wp\/v2\/media?parent=288"}],"wp:term":[{"taxonomy":"product_cat","embeddable":true,"href":"https:\/\/yonathan-darmon.students-laplateforme.io\/mesprojets\/moncms\/wp-json\/wp\/v2\/product_cat?post=288"},{"taxonomy":"product_tag","embeddable":true,"href":"https:\/\/yonathan-darmon.students-laplateforme.io\/mesprojets\/moncms\/wp-json\/wp\/v2\/product_tag?post=288"}],"curies":[{"name":"wp","href":"https:\/\/api.w.org\/{rel}","templated":true}]}}