{"id":293,"date":"2022-01-31T11:45:45","date_gmt":"2022-01-31T10:45:45","guid":{"rendered":"https:\/\/yonathan-darmon.students-laplateforme.io\/?post_type=product&#038;p=293"},"modified":"2022-01-31T11:45:45","modified_gmt":"2022-01-31T10:45:45","slug":"mutalithe-a-vortex","status":"publish","type":"product","link":"https:\/\/yonathan-darmon.students-laplateforme.io\/mesprojets\/moncms\/product\/mutalithe-a-vortex\/","title":{"rendered":"Mutalithe \u00e0 Vortex"},"content":{"rendered":"<p>La Mutalith Vortex Beast est une aberration, la fusion d&rsquo;un monstre et de la magie, une cr\u00e9ature mut\u00e9e par les pouvoirs du Chaos au-del\u00e0 de ce qui est imaginable.<\/p>\n<p>La Mutalith Vortex Beast est tr\u00e8s diff\u00e9rente de la Slaughterbrute. Le vortex en forme d&rsquo;\u00e9toile \u00e0 huit branches, sur son dos, rappelle l&rsquo;influence du Chaos. Neuf tentacules cernent sa gueule, et tous d\u00e9goulinent d&rsquo;une bave visqueuse. Enfin, ses deux queues se terminent par des bouches, des langues et des griffes.<\/p>\n<p>Ce kit plastique contient 78 \u00e9l\u00e9ments permettant d&rsquo;assembler une Mutalith Vortex Beast ou une Slaughterbrute. Fourni avec un socle ovale Citadel de 120x92mm.<\/p>\n<p>Figurines \u00e0 assembler et \u00e0 peindre &#8211; nous vous recommandons pour cela d&rsquo;utiliser de la Colle Plastique Citadel et des peintures Citadel.<\/p>\n","protected":false},"excerpt":{"rendered":"<p>La Mutalith Vortex Beast est une aberration, la fusion d&rsquo;un monstre et de la magie, une cr\u00e9ature mut\u00e9e par les pouvoirs du Chaos au-del\u00e0 de ce qui est imaginable. La Mutalith Vortex Beast est tr\u00e8s diff\u00e9rente de la Slaughterbrute. Le vortex en forme d&rsquo;\u00e9toile \u00e0 huit branches, sur son dos, rappelle l&rsquo;influence du Chaos. Neuf [&hellip;]<\/p>\n","protected":false},"featured_media":294,"comment_status":"open","ping_status":"closed","template":"","meta":[],"product_cat":[21,22],"product_tag":[],"class_list":{"0":"post-293","1":"product","2":"type-product","3":"status-publish","4":"has-post-thumbnail","5":"hentry","6":"product_cat-figurine","7":"product_cat-warhammer","9":"entry","10":"has-media","11":"owp-thumbs-layout-horizontal","12":"owp-btn-normal","13":"owp-tabs-layout-horizontal","14":"has-no-thumbnails","15":"has-product-nav"},"_links":{"self":[{"href":"https:\/\/yonathan-darmon.students-laplateforme.io\/mesprojets\/moncms\/wp-json\/wp\/v2\/product\/293","targetHints":{"allow":["GET"]}}],"collection":[{"href":"https:\/\/yonathan-darmon.students-laplateforme.io\/mesprojets\/moncms\/wp-json\/wp\/v2\/product"}],"about":[{"href":"https:\/\/yonathan-darmon.students-laplateforme.io\/mesprojets\/moncms\/wp-json\/wp\/v2\/types\/product"}],"replies":[{"embeddable":true,"href":"https:\/\/yonathan-darmon.students-laplateforme.io\/mesprojets\/moncms\/wp-json\/wp\/v2\/comments?post=293"}],"wp:featuredmedia":[{"embeddable":true,"href":"https:\/\/yonathan-darmon.students-laplateforme.io\/mesprojets\/moncms\/wp-json\/wp\/v2\/media\/294"}],"wp:attachment":[{"href":"https:\/\/yonathan-darmon.students-laplateforme.io\/mesprojets\/moncms\/wp-json\/wp\/v2\/media?parent=293"}],"wp:term":[{"taxonomy":"product_cat","embeddable":true,"href":"https:\/\/yonathan-darmon.students-laplateforme.io\/mesprojets\/moncms\/wp-json\/wp\/v2\/product_cat?post=293"},{"taxonomy":"product_tag","embeddable":true,"href":"https:\/\/yonathan-darmon.students-laplateforme.io\/mesprojets\/moncms\/wp-json\/wp\/v2\/product_tag?post=293"}],"curies":[{"name":"wp","href":"https:\/\/api.w.org\/{rel}","templated":true}]}}