{"id":295,"date":"2022-01-31T11:47:37","date_gmt":"2022-01-31T10:47:37","guid":{"rendered":"https:\/\/yonathan-darmon.students-laplateforme.io\/?post_type=product&#038;p=295"},"modified":"2024-01-05T08:03:06","modified_gmt":"2024-01-05T07:03:06","slug":"smaug","status":"publish","type":"product","link":"https:\/\/yonathan-darmon.students-laplateforme.io\/mesprojets\/moncms\/product\/smaug\/","title":{"rendered":"Smaug"},"content":{"rendered":"<p>Le puissant dragon cracheur de feu Smaug des montagnes septentrionales est sans conteste le plus grand et le plus fort de son esp\u00e8ce qui demeure en la Terre du Milieu. Sa cupidit\u00e9 l&rsquo;a incit\u00e9 \u00e0 s&#8217;emparer de la richesse d&rsquo;Erebor, sans se soucier qu&rsquo;il lui faudrait pour cela attaquer le plus grand royaume du peuple de Durin. C&rsquo;est ainsi qu&rsquo;Erebor et sa voisine Dale, Cit\u00e9 des Hommes, furent r\u00e9duits en ruines, et que les rescap\u00e9s durent fuir leur terre ancestrale.<\/p>\n<p>Smaug repose sur un socle sc\u00e9nique spectaculairement d\u00e9taill\u00e9 qui repr\u00e9sente les immenses richesses d&rsquo;Erebor. L&rsquo;Arkenstone et L&rsquo;Anneau Unique sont bien visibles parmi les gemmes et l&rsquo;or, alors que Smaug domine l&rsquo;aspirant cambrioleur Bilbo Baggins.<\/p>\n<p>Cette figurine splendide en 42 pi\u00e8ces est moul\u00e9e \u00e0 la main dans une r\u00e9sine de qualit\u00e9, selon les techniques les plus avanc\u00e9es, pour obtenir une figurine aux d\u00e9tails extr\u00eamement fins. Les moindres \u00e9cailles, cornes et balafres ont \u00e9t\u00e9 reproduites de main de ma\u00eetre pour cr\u00e9er une pi\u00e8ce de collection v\u00e9ritablement magnifique.<\/p>\n<p>Pour un poids de 2,4 kg, la figurine de Smaug mesure 8,4 pouces (ou 21,4 cm) de haut de la base du socle au sommet de l&rsquo;aile. Le socle mesure 9,2 pouces (ou 23,1 cm) de long et 5,4 pouces (ou 13,3 cm) de large.<\/p>\n<p>Attention : Cette figurine n&rsquo;est pas recommand\u00e9e pour les moins de 14 ans. Elle n\u00e9cessite une certaine exp\u00e9rience du mod\u00e9lisme. Elle est livr\u00e9e non peinte et n\u00e9cessite d&rsquo;\u00eatre assembl\u00e9e ; nous recommandons l&#8217;emploi de la Super Glue Citadel et des peintures Citadel. Il est n\u00e9cessaire de pr\u00e9parer et de nettoyer la figurine avant de la peindre, de limer les petites bavures et lignes de moulage, et de retirer les carottes de moulage avant de proc\u00e9der au montage.<\/p>\n","protected":false},"excerpt":{"rendered":"<p>Le puissant dragon cracheur de feu Smaug des montagnes septentrionales est sans conteste le plus grand et le plus fort de son esp\u00e8ce qui demeure en la Terre du Milieu. Sa cupidit\u00e9 l&rsquo;a incit\u00e9 \u00e0 s&#8217;emparer de la richesse d&rsquo;Erebor, sans se soucier qu&rsquo;il lui faudrait pour cela attaquer le plus grand royaume du peuple [&hellip;]<\/p>\n","protected":false},"featured_media":296,"comment_status":"open","ping_status":"closed","template":"","meta":[],"product_cat":[21,34],"product_tag":[],"class_list":{"0":"post-295","1":"product","2":"type-product","3":"status-publish","4":"has-post-thumbnail","5":"hentry","6":"product_cat-figurine","7":"product_cat-seigneur-des-anneaux","9":"entry","10":"has-media","11":"owp-thumbs-layout-horizontal","12":"owp-btn-normal","13":"owp-tabs-layout-horizontal","14":"has-no-thumbnails","15":"has-product-nav"},"_links":{"self":[{"href":"https:\/\/yonathan-darmon.students-laplateforme.io\/mesprojets\/moncms\/wp-json\/wp\/v2\/product\/295","targetHints":{"allow":["GET"]}}],"collection":[{"href":"https:\/\/yonathan-darmon.students-laplateforme.io\/mesprojets\/moncms\/wp-json\/wp\/v2\/product"}],"about":[{"href":"https:\/\/yonathan-darmon.students-laplateforme.io\/mesprojets\/moncms\/wp-json\/wp\/v2\/types\/product"}],"replies":[{"embeddable":true,"href":"https:\/\/yonathan-darmon.students-laplateforme.io\/mesprojets\/moncms\/wp-json\/wp\/v2\/comments?post=295"}],"wp:featuredmedia":[{"embeddable":true,"href":"https:\/\/yonathan-darmon.students-laplateforme.io\/mesprojets\/moncms\/wp-json\/wp\/v2\/media\/296"}],"wp:attachment":[{"href":"https:\/\/yonathan-darmon.students-laplateforme.io\/mesprojets\/moncms\/wp-json\/wp\/v2\/media?parent=295"}],"wp:term":[{"taxonomy":"product_cat","embeddable":true,"href":"https:\/\/yonathan-darmon.students-laplateforme.io\/mesprojets\/moncms\/wp-json\/wp\/v2\/product_cat?post=295"},{"taxonomy":"product_tag","embeddable":true,"href":"https:\/\/yonathan-darmon.students-laplateforme.io\/mesprojets\/moncms\/wp-json\/wp\/v2\/product_tag?post=295"}],"curies":[{"name":"wp","href":"https:\/\/api.w.org\/{rel}","templated":true}]}}