{"id":300,"date":"2022-01-31T11:50:37","date_gmt":"2022-01-31T10:50:37","guid":{"rendered":"https:\/\/yonathan-darmon.students-laplateforme.io\/?post_type=product&#038;p=300"},"modified":"2024-01-05T08:03:21","modified_gmt":"2024-01-05T07:03:21","slug":"grim-hammers","status":"publish","type":"product","link":"https:\/\/yonathan-darmon.students-laplateforme.io\/mesprojets\/moncms\/product\/grim-hammers\/","title":{"rendered":"Grim Hammers"},"content":{"rendered":"<p>Lorsque les Nains se rassemblent pour infliger leur terrible vengeance, leur avant-garde est souvent constitu\u00e9e de Grim Hammers. Ces guerriers Nains d\u00e9termin\u00e9s, engonc\u00e9s des pieds \u00e0 la t\u00eate dans une armure de plates et de mailles, progressent avec des intentions meurtri\u00e8res.<\/p>\n<p>Ces 24 Grim Hammers sont de robustes combattants \u00e9quip\u00e9s pour d\u00e9fendre Erebor. Chacun porte une \u00e9paisse cotte de maille et est couvert de pied en cap par une armure lourde. Ces figurines adoptent chacune une posture unique, en maniant un marteau d\u2019arme ou des haches selon diff\u00e9rents angles, seule leur barbe d\u00e9passant de leurs casques.<\/p>\n<p>Ce kit contient 60 composants en plastique, ainsi que 24 socles ronds de 25mm, avec lesquels assembler 24 Grim Hammers.<\/p>\n","protected":false},"excerpt":{"rendered":"<p>Lorsque les Nains se rassemblent pour infliger leur terrible vengeance, leur avant-garde est souvent constitu\u00e9e de Grim Hammers. Ces guerriers Nains d\u00e9termin\u00e9s, engonc\u00e9s des pieds \u00e0 la t\u00eate dans une armure de plates et de mailles, progressent avec des intentions meurtri\u00e8res. Ces 24 Grim Hammers sont de robustes combattants \u00e9quip\u00e9s pour d\u00e9fendre Erebor. Chacun porte [&hellip;]<\/p>\n","protected":false},"featured_media":301,"comment_status":"open","ping_status":"closed","template":"","meta":[],"product_cat":[21,34],"product_tag":[],"class_list":{"0":"post-300","1":"product","2":"type-product","3":"status-publish","4":"has-post-thumbnail","5":"hentry","6":"product_cat-figurine","7":"product_cat-seigneur-des-anneaux","9":"entry","10":"has-media","11":"owp-thumbs-layout-horizontal","12":"owp-btn-normal","13":"owp-tabs-layout-horizontal","14":"has-no-thumbnails","15":"has-product-nav"},"_links":{"self":[{"href":"https:\/\/yonathan-darmon.students-laplateforme.io\/mesprojets\/moncms\/wp-json\/wp\/v2\/product\/300","targetHints":{"allow":["GET"]}}],"collection":[{"href":"https:\/\/yonathan-darmon.students-laplateforme.io\/mesprojets\/moncms\/wp-json\/wp\/v2\/product"}],"about":[{"href":"https:\/\/yonathan-darmon.students-laplateforme.io\/mesprojets\/moncms\/wp-json\/wp\/v2\/types\/product"}],"replies":[{"embeddable":true,"href":"https:\/\/yonathan-darmon.students-laplateforme.io\/mesprojets\/moncms\/wp-json\/wp\/v2\/comments?post=300"}],"wp:featuredmedia":[{"embeddable":true,"href":"https:\/\/yonathan-darmon.students-laplateforme.io\/mesprojets\/moncms\/wp-json\/wp\/v2\/media\/301"}],"wp:attachment":[{"href":"https:\/\/yonathan-darmon.students-laplateforme.io\/mesprojets\/moncms\/wp-json\/wp\/v2\/media?parent=300"}],"wp:term":[{"taxonomy":"product_cat","embeddable":true,"href":"https:\/\/yonathan-darmon.students-laplateforme.io\/mesprojets\/moncms\/wp-json\/wp\/v2\/product_cat?post=300"},{"taxonomy":"product_tag","embeddable":true,"href":"https:\/\/yonathan-darmon.students-laplateforme.io\/mesprojets\/moncms\/wp-json\/wp\/v2\/product_tag?post=300"}],"curies":[{"name":"wp","href":"https:\/\/api.w.org\/{rel}","templated":true}]}}