{"id":302,"date":"2022-01-31T11:52:10","date_gmt":"2022-01-31T10:52:10","guid":{"rendered":"https:\/\/yonathan-darmon.students-laplateforme.io\/?post_type=product&#038;p=302"},"modified":"2022-01-31T11:52:10","modified_gmt":"2022-01-31T10:52:10","slug":"feral-uruk-hai","status":"publish","type":"product","link":"https:\/\/yonathan-darmon.students-laplateforme.io\/mesprojets\/moncms\/product\/feral-uruk-hai\/","title":{"rendered":"Feral Uruk-hai"},"content":{"rendered":"<p>Pouss\u00e9s au bord de la folie par la torture et la cruaut\u00e9, les Feral Uruk-hai sont model\u00e9s pour servir d&rsquo;armes \u00e0 l\u00e2cher l\u00e0 o\u00f9 ils s\u00e8meront le chaos le plus sanglant. Ils se battent avec une violence d\u00e9brid\u00e9e, percutant les murs de boucliers avec un entrain meurtrier et pourchassant les fuyards sans la moindre trace de piti\u00e9.<\/p>\n<p>Ces trois Uruk-hai mortels sont des guerriers vifs et redoutables, arm\u00e9s chacun d&rsquo;une paire d&rsquo;\u00e9p\u00e9e. C&rsquo;est une excellente option pour contourner le dispositif ennemi ou traquer les poches de r\u00e9sistance.<\/p>\n<p>Le set contient trois figurines m\u00e9tal de Feral Uruk-hai, fournies chacune avec un socle rond Citadel de 25mm. Leurs r\u00e8gles se trouvent dans Armies of\u00a0<em>The Lord of The Ring.<\/em><\/p>\n","protected":false},"excerpt":{"rendered":"<p>Pouss\u00e9s au bord de la folie par la torture et la cruaut\u00e9, les Feral Uruk-hai sont model\u00e9s pour servir d&rsquo;armes \u00e0 l\u00e2cher l\u00e0 o\u00f9 ils s\u00e8meront le chaos le plus sanglant. Ils se battent avec une violence d\u00e9brid\u00e9e, percutant les murs de boucliers avec un entrain meurtrier et pourchassant les fuyards sans la moindre trace [&hellip;]<\/p>\n","protected":false},"featured_media":303,"comment_status":"open","ping_status":"closed","template":"","meta":[],"product_cat":[21,34],"product_tag":[],"class_list":{"0":"post-302","1":"product","2":"type-product","3":"status-publish","4":"has-post-thumbnail","5":"hentry","6":"product_cat-figurine","7":"product_cat-seigneur-des-anneaux","9":"entry","10":"has-media","11":"owp-thumbs-layout-horizontal","12":"owp-btn-normal","13":"owp-tabs-layout-horizontal","14":"has-no-thumbnails","15":"has-product-nav"},"_links":{"self":[{"href":"https:\/\/yonathan-darmon.students-laplateforme.io\/mesprojets\/moncms\/wp-json\/wp\/v2\/product\/302","targetHints":{"allow":["GET"]}}],"collection":[{"href":"https:\/\/yonathan-darmon.students-laplateforme.io\/mesprojets\/moncms\/wp-json\/wp\/v2\/product"}],"about":[{"href":"https:\/\/yonathan-darmon.students-laplateforme.io\/mesprojets\/moncms\/wp-json\/wp\/v2\/types\/product"}],"replies":[{"embeddable":true,"href":"https:\/\/yonathan-darmon.students-laplateforme.io\/mesprojets\/moncms\/wp-json\/wp\/v2\/comments?post=302"}],"wp:featuredmedia":[{"embeddable":true,"href":"https:\/\/yonathan-darmon.students-laplateforme.io\/mesprojets\/moncms\/wp-json\/wp\/v2\/media\/303"}],"wp:attachment":[{"href":"https:\/\/yonathan-darmon.students-laplateforme.io\/mesprojets\/moncms\/wp-json\/wp\/v2\/media?parent=302"}],"wp:term":[{"taxonomy":"product_cat","embeddable":true,"href":"https:\/\/yonathan-darmon.students-laplateforme.io\/mesprojets\/moncms\/wp-json\/wp\/v2\/product_cat?post=302"},{"taxonomy":"product_tag","embeddable":true,"href":"https:\/\/yonathan-darmon.students-laplateforme.io\/mesprojets\/moncms\/wp-json\/wp\/v2\/product_tag?post=302"}],"curies":[{"name":"wp","href":"https:\/\/api.w.org\/{rel}","templated":true}]}}