{"id":306,"date":"2022-01-31T12:29:52","date_gmt":"2022-01-31T11:29:52","guid":{"rendered":"https:\/\/yonathan-darmon.students-laplateforme.io\/?post_type=product&#038;p=306"},"modified":"2022-01-31T12:29:52","modified_gmt":"2022-01-31T11:29:52","slug":"pinces-de-precision-citadel","status":"publish","type":"product","link":"https:\/\/yonathan-darmon.students-laplateforme.io\/mesprojets\/moncms\/product\/pinces-de-precision-citadel\/","title":{"rendered":"Pinces de Pr\u00e9cision Citadel"},"content":{"rendered":"<p>D\u00e8s la premi\u00e8re pi\u00e8ce d\u00e9grapp\u00e9e, l&rsquo;assemblage d&rsquo;une nouvelle figurine Citadel est une exp\u00e9rience des plus gratifiantes, \u00e0 plus forte raison avec des outils adapt\u00e9s pour pr\u00e9parer le kit sans peine.<\/p>\n<p>Nos Pinces de Pr\u00e9cision ont \u00e9t\u00e9 con\u00e7ues sp\u00e9cifiquement pour d\u00e9tacher les pi\u00e8ces des grappes plastique. Faites d&rsquo;acier inoxydable, elles sont profil\u00e9es de sorte \u00e0 permettre l&rsquo;acc\u00e8s aux recoins les plus malcommodes des grappes, ce qui facilite et acc\u00e9l\u00e8re grandement l&rsquo;\u00e9tape de d\u00e9grappage.<\/p>\n","protected":false},"excerpt":{"rendered":"<p>D\u00e8s la premi\u00e8re pi\u00e8ce d\u00e9grapp\u00e9e, l&rsquo;assemblage d&rsquo;une nouvelle figurine Citadel est une exp\u00e9rience des plus gratifiantes, \u00e0 plus forte raison avec des outils adapt\u00e9s pour pr\u00e9parer le kit sans peine. Nos Pinces de Pr\u00e9cision ont \u00e9t\u00e9 con\u00e7ues sp\u00e9cifiquement pour d\u00e9tacher les pi\u00e8ces des grappes plastique. Faites d&rsquo;acier inoxydable, elles sont profil\u00e9es de sorte \u00e0 permettre [&hellip;]<\/p>\n","protected":false},"featured_media":307,"comment_status":"open","ping_status":"closed","template":"","meta":[],"product_cat":[24,26],"product_tag":[],"class_list":{"0":"post-306","1":"product","2":"type-product","3":"status-publish","4":"has-post-thumbnail","5":"hentry","6":"product_cat-materiel","7":"product_cat-outils","9":"entry","10":"has-media","11":"owp-thumbs-layout-horizontal","12":"owp-btn-normal","13":"owp-tabs-layout-horizontal","14":"has-no-thumbnails","15":"has-product-nav"},"_links":{"self":[{"href":"https:\/\/yonathan-darmon.students-laplateforme.io\/mesprojets\/moncms\/wp-json\/wp\/v2\/product\/306","targetHints":{"allow":["GET"]}}],"collection":[{"href":"https:\/\/yonathan-darmon.students-laplateforme.io\/mesprojets\/moncms\/wp-json\/wp\/v2\/product"}],"about":[{"href":"https:\/\/yonathan-darmon.students-laplateforme.io\/mesprojets\/moncms\/wp-json\/wp\/v2\/types\/product"}],"replies":[{"embeddable":true,"href":"https:\/\/yonathan-darmon.students-laplateforme.io\/mesprojets\/moncms\/wp-json\/wp\/v2\/comments?post=306"}],"wp:featuredmedia":[{"embeddable":true,"href":"https:\/\/yonathan-darmon.students-laplateforme.io\/mesprojets\/moncms\/wp-json\/wp\/v2\/media\/307"}],"wp:attachment":[{"href":"https:\/\/yonathan-darmon.students-laplateforme.io\/mesprojets\/moncms\/wp-json\/wp\/v2\/media?parent=306"}],"wp:term":[{"taxonomy":"product_cat","embeddable":true,"href":"https:\/\/yonathan-darmon.students-laplateforme.io\/mesprojets\/moncms\/wp-json\/wp\/v2\/product_cat?post=306"},{"taxonomy":"product_tag","embeddable":true,"href":"https:\/\/yonathan-darmon.students-laplateforme.io\/mesprojets\/moncms\/wp-json\/wp\/v2\/product_tag?post=306"}],"curies":[{"name":"wp","href":"https:\/\/api.w.org\/{rel}","templated":true}]}}