{"id":308,"date":"2022-01-31T12:31:54","date_gmt":"2022-01-31T11:31:54","guid":{"rendered":"https:\/\/yonathan-darmon.students-laplateforme.io\/?post_type=product&#038;p=308"},"modified":"2022-01-31T12:31:54","modified_gmt":"2022-01-31T11:31:54","slug":"jeu-de-limes","status":"publish","type":"product","link":"https:\/\/yonathan-darmon.students-laplateforme.io\/mesprojets\/moncms\/product\/jeu-de-limes\/","title":{"rendered":"Jeu de Limes"},"content":{"rendered":"<p>Les limes sont employ\u00e9es pour retirer les imperfections que l\u2019on cr\u00e9e en retirant les composants de leur grappe.<\/p>\n<p>Ce jeu contient deux limes, une \u00e0 gros-grain et une autre \u00e0 grain fin. Chacune poss\u00e8de une face plate et une face arrondie, ainsi qu\u2019une pointe fine, pour que vous puissiez poncer vos figurines et obtenir un fini irr\u00e9prochable<\/p>\n","protected":false},"excerpt":{"rendered":"<p>Les limes sont employ\u00e9es pour retirer les imperfections que l\u2019on cr\u00e9e en retirant les composants de leur grappe. Ce jeu contient deux limes, une \u00e0 gros-grain et une autre \u00e0 grain fin. Chacune poss\u00e8de une face plate et une face arrondie, ainsi qu\u2019une pointe fine, pour que vous puissiez poncer vos figurines et obtenir un [&hellip;]<\/p>\n","protected":false},"featured_media":309,"comment_status":"open","ping_status":"closed","template":"","meta":[],"product_cat":[24,26],"product_tag":[],"class_list":{"0":"post-308","1":"product","2":"type-product","3":"status-publish","4":"has-post-thumbnail","5":"hentry","6":"product_cat-materiel","7":"product_cat-outils","9":"entry","10":"has-media","11":"owp-thumbs-layout-horizontal","12":"owp-btn-normal","13":"owp-tabs-layout-horizontal","14":"has-no-thumbnails","15":"has-product-nav"},"_links":{"self":[{"href":"https:\/\/yonathan-darmon.students-laplateforme.io\/mesprojets\/moncms\/wp-json\/wp\/v2\/product\/308","targetHints":{"allow":["GET"]}}],"collection":[{"href":"https:\/\/yonathan-darmon.students-laplateforme.io\/mesprojets\/moncms\/wp-json\/wp\/v2\/product"}],"about":[{"href":"https:\/\/yonathan-darmon.students-laplateforme.io\/mesprojets\/moncms\/wp-json\/wp\/v2\/types\/product"}],"replies":[{"embeddable":true,"href":"https:\/\/yonathan-darmon.students-laplateforme.io\/mesprojets\/moncms\/wp-json\/wp\/v2\/comments?post=308"}],"wp:featuredmedia":[{"embeddable":true,"href":"https:\/\/yonathan-darmon.students-laplateforme.io\/mesprojets\/moncms\/wp-json\/wp\/v2\/media\/309"}],"wp:attachment":[{"href":"https:\/\/yonathan-darmon.students-laplateforme.io\/mesprojets\/moncms\/wp-json\/wp\/v2\/media?parent=308"}],"wp:term":[{"taxonomy":"product_cat","embeddable":true,"href":"https:\/\/yonathan-darmon.students-laplateforme.io\/mesprojets\/moncms\/wp-json\/wp\/v2\/product_cat?post=308"},{"taxonomy":"product_tag","embeddable":true,"href":"https:\/\/yonathan-darmon.students-laplateforme.io\/mesprojets\/moncms\/wp-json\/wp\/v2\/product_tag?post=308"}],"curies":[{"name":"wp","href":"https:\/\/api.w.org\/{rel}","templated":true}]}}