{"id":310,"date":"2022-01-31T12:35:10","date_gmt":"2022-01-31T11:35:10","guid":{"rendered":"https:\/\/yonathan-darmon.students-laplateforme.io\/?post_type=product&#038;p=310"},"modified":"2022-01-31T12:49:19","modified_gmt":"2022-01-31T11:49:19","slug":"warhammer-age-of-sigmar-set-peintures-outils","status":"publish","type":"product","link":"https:\/\/yonathan-darmon.students-laplateforme.io\/mesprojets\/moncms\/product\/warhammer-age-of-sigmar-set-peintures-outils\/","title":{"rendered":"Warhammer Age of Sigmar: Set Peintures + Outils"},"content":{"rendered":"<p>L&rsquo;assemblage et la peinture de figurines sont des facettes pratiques du hobby agr\u00e9ables et de plus en plus gratifiantes au fil du temps. Pour d\u00e9buter, il faut quelques outils et un assortiment de peinture, c&rsquo;est pourquoi cette bo\u00eete propose les bases de votre futur outillage \u00e0 hobby.<\/p>\n<p>D\u00e9butez avec une paire de confortables pinces pour d\u00e9tacher vos figurines de leur grappe, un \u00e9barboir pour les appr\u00eater avant la peinture, et un pinceau de la bonne taille pour appliquer les premi\u00e8res couleurs.<\/p>\n<p>Vous trouverez 13 pots de 12ml comprenant les couleurs indispensables pour peindre vos \u00c9ternels de l&rsquo;Orage de l&rsquo;Ost de l&rsquo;Orage des Marteaux de Sigmar ainsi que vos Kruelboyz des Clans Guerriers Orruks, et un pot de peinture Technical pour texturer vos socles.<\/p>\n<p><strong>1x Corax White<br \/>\n1x Abaddon Black<br \/>\n1x Averland Sunset<br \/>\n1x Leadbelcher<br \/>\n1x Kantor Blue<br \/>\n1x Mephiston Red<br \/>\n1x Rhinox Hide<br \/>\n1x Retributor Armour<br \/>\n1x Orruk Flesh<br \/>\n1x Bugman&rsquo;s Glow<br \/>\n1x Steel Legion Drab<br \/>\n1x Stirland Mud<br \/>\n1x Agrax Earthshade<\/strong><\/p>\n<p>Cette bo\u00eete contient \u00e9galement les outils suivants:<\/p>\n<p><strong>&#8211; 1x Pinceau Starter Citadel<br \/>\n&#8211; 1x Pinces \u00e0 d\u00e9grapper Citadel<br \/>\n&#8211; 1x \u00c9barboir<\/strong><\/p>\n","protected":false},"excerpt":{"rendered":"<p>L&rsquo;assemblage et la peinture de figurines sont des facettes pratiques du hobby agr\u00e9ables et de plus en plus gratifiantes au fil du temps. Pour d\u00e9buter, il faut quelques outils et un assortiment de peinture, c&rsquo;est pourquoi cette bo\u00eete propose les bases de votre futur outillage \u00e0 hobby. D\u00e9butez avec une paire de confortables pinces pour [&hellip;]<\/p>\n","protected":false},"featured_media":311,"comment_status":"open","ping_status":"closed","template":"","meta":[],"product_cat":[24,25],"product_tag":[],"class_list":{"0":"post-310","1":"product","2":"type-product","3":"status-publish","4":"has-post-thumbnail","5":"hentry","6":"product_cat-materiel","7":"product_cat-peinture","9":"entry","10":"has-media","11":"owp-thumbs-layout-horizontal","12":"owp-btn-normal","13":"owp-tabs-layout-horizontal","14":"has-no-thumbnails","15":"has-product-nav"},"_links":{"self":[{"href":"https:\/\/yonathan-darmon.students-laplateforme.io\/mesprojets\/moncms\/wp-json\/wp\/v2\/product\/310","targetHints":{"allow":["GET"]}}],"collection":[{"href":"https:\/\/yonathan-darmon.students-laplateforme.io\/mesprojets\/moncms\/wp-json\/wp\/v2\/product"}],"about":[{"href":"https:\/\/yonathan-darmon.students-laplateforme.io\/mesprojets\/moncms\/wp-json\/wp\/v2\/types\/product"}],"replies":[{"embeddable":true,"href":"https:\/\/yonathan-darmon.students-laplateforme.io\/mesprojets\/moncms\/wp-json\/wp\/v2\/comments?post=310"}],"wp:featuredmedia":[{"embeddable":true,"href":"https:\/\/yonathan-darmon.students-laplateforme.io\/mesprojets\/moncms\/wp-json\/wp\/v2\/media\/311"}],"wp:attachment":[{"href":"https:\/\/yonathan-darmon.students-laplateforme.io\/mesprojets\/moncms\/wp-json\/wp\/v2\/media?parent=310"}],"wp:term":[{"taxonomy":"product_cat","embeddable":true,"href":"https:\/\/yonathan-darmon.students-laplateforme.io\/mesprojets\/moncms\/wp-json\/wp\/v2\/product_cat?post=310"},{"taxonomy":"product_tag","embeddable":true,"href":"https:\/\/yonathan-darmon.students-laplateforme.io\/mesprojets\/moncms\/wp-json\/wp\/v2\/product_tag?post=310"}],"curies":[{"name":"wp","href":"https:\/\/api.w.org\/{rel}","templated":true}]}}